{"id":59,"date":"2024-12-14T19:48:00","date_gmt":"2024-12-14T18:48:00","guid":{"rendered":"https:\/\/www.drevolevice.sk\/?page_id=59"},"modified":"2024-12-14T21:01:39","modified_gmt":"2024-12-14T20:01:39","slug":"o-nas","status":"publish","type":"page","link":"https:\/\/www.drevolevice.sk\/?page_id=59","title":{"rendered":"O n\u00e1s"},"content":{"rendered":"\n<h2 class=\"wp-block-heading has-text-align-center\">O n\u00e1s<\/h2>\n\n\n\n<p>Sme mal\u00e1 rodinn\u00e1 firma, ktor\u00fa sme zalo\u017eili v roku 2016. Od tejto doby sa venujeme predaju palivov\u00e9ho dreva pre okolie Lev\u00edc, \u017deliezoviec a \u0160t\u00farova.<\/p>\n\n\n\n<p>V ponuke m\u00e1me r\u00f4zne druhy dreva, ako je dub, buk, hrab, ag\u00e1t a jase\u0148 ( pod\u013ea dostupnosti ). <\/p>\n\n\n\n<p>\u010ealej sa venujeme preprave r\u00f4znych druhov materi\u00e1lu.<\/p>\n\n\n\n<p>Radi V\u00e1m pom\u00f4\u017eeme aj s v\u00fdkopov\u00fdmi pr\u00e1cami minibagrom. <\/p>\n\n\n\n<p>       Preto nev\u00e1hajte <\/p>\n\n\n\n<p><\/p>\n\n\n\n<div class=\"wp-block-buttons is-content-justification-center is-layout-flex wp-container-core-buttons-is-layout-1 wp-block-buttons-is-layout-flex\">\n<div class=\"wp-block-button\"><a class=\"wp-block-button__link wp-element-button\" href=\"https:\/\/www.drevolevice.sk\/?page_id=50\">Kontaktujte n\u00e1s<\/a><\/div>\n<\/div>\n\n\n\n<p><\/p>\n","protected":false},"excerpt":{"rendered":"<p>O n\u00e1s Sme mal\u00e1 rodinn\u00e1 firma, ktor\u00fa sme zalo\u017eili v roku 2016. Od tejto doby sa venujeme predaju palivov\u00e9ho dreva [&hellip;]<\/p>\n","protected":false},"author":1,"featured_media":0,"parent":25,"menu_order":0,"comment_status":"closed","ping_status":"closed","template":"","meta":{"_monsterinsights_skip_tracking":false,"_monsterinsights_sitenote_active":false,"_monsterinsights_sitenote_note":"","_monsterinsights_sitenote_category":0,"site-sidebar-layout":"default","site-content-layout":"","ast-site-content-layout":"","site-content-style":"default","site-sidebar-style":"default","ast-global-header-display":"","ast-banner-title-visibility":"","ast-main-header-display":"","ast-hfb-above-header-display":"","ast-hfb-below-header-display":"","ast-hfb-mobile-header-display":"","site-post-title":"disabled","ast-breadcrumbs-content":"","ast-featured-img":"","footer-sml-layout":"","theme-transparent-header-meta":"","adv-header-id-meta":"","stick-header-meta":"","header-above-stick-meta":"","header-main-stick-meta":"","header-below-stick-meta":"","astra-migrate-meta-layouts":"default","ast-page-background-enabled":"default","ast-page-background-meta":{"desktop":{"background-color":"var(--ast-global-color-4)","background-image":"","background-repeat":"repeat","background-position":"center center","background-size":"auto","background-attachment":"scroll","background-type":"","background-media":"","overlay-type":"","overlay-color":"","overlay-opacity":"","overlay-gradient":""},"tablet":{"background-color":"","background-image":"","background-repeat":"repeat","background-position":"center center","background-size":"auto","background-attachment":"scroll","background-type":"","background-media":"","overlay-type":"","overlay-color":"","overlay-opacity":"","overlay-gradient":""},"mobile":{"background-color":"","background-image":"","background-repeat":"repeat","background-position":"center center","background-size":"auto","background-attachment":"scroll","background-type":"","background-media":"","overlay-type":"","overlay-color":"","overlay-opacity":"","overlay-gradient":""}},"ast-content-background-meta":{"desktop":{"background-color":"var(--ast-global-color-5)","background-image":"","background-repeat":"repeat","background-position":"center center","background-size":"auto","background-attachment":"scroll","background-type":"","background-media":"","overlay-type":"","overlay-color":"","overlay-opacity":"","overlay-gradient":""},"tablet":{"background-color":"var(--ast-global-color-5)","background-image":"","background-repeat":"repeat","background-position":"center center","background-size":"auto","background-attachment":"scroll","background-type":"","background-media":"","overlay-type":"","overlay-color":"","overlay-opacity":"","overlay-gradient":""},"mobile":{"background-color":"var(--ast-global-color-5)","background-image":"","background-repeat":"repeat","background-position":"center center","background-size":"auto","background-attachment":"scroll","background-type":"","background-media":"","overlay-type":"","overlay-color":"","overlay-opacity":"","overlay-gradient":""}},"footnotes":""},"class_list":["post-59","page","type-page","status-publish","hentry"],"yoast_head":"<!-- This site is optimized with the Yoast SEO plugin v24.0 - https:\/\/yoast.com\/wordpress\/plugins\/seo\/ -->\n<title>O n\u00e1s - Drevo Levice<\/title>\n<meta name=\"robots\" content=\"index, follow, max-snippet:-1, max-image-preview:large, max-video-preview:-1\" \/>\n<link rel=\"canonical\" href=\"https:\/\/www.drevolevice.sk\/?page_id=59\" \/>\n<meta property=\"og:locale\" content=\"sk_SK\" \/>\n<meta property=\"og:type\" content=\"article\" \/>\n<meta property=\"og:title\" content=\"O n\u00e1s - Drevo Levice\" \/>\n<meta property=\"og:description\" content=\"O n\u00e1s Sme mal\u00e1 rodinn\u00e1 firma, ktor\u00fa sme zalo\u017eili v roku 2016. Od tejto doby sa venujeme predaju palivov\u00e9ho dreva [&hellip;]\" \/>\n<meta property=\"og:url\" content=\"https:\/\/www.drevolevice.sk\/?page_id=59\" \/>\n<meta property=\"og:site_name\" content=\"Drevo Levice\" \/>\n<meta property=\"article:modified_time\" content=\"2024-12-14T20:01:39+00:00\" \/>\n<meta name=\"twitter:card\" content=\"summary_large_image\" \/>\n<meta name=\"twitter:label1\" content=\"Predpokladan\u00fd \u010das \u010d\u00edtania\" \/>\n\t<meta name=\"twitter:data1\" content=\"1 min\u00fata\" \/>\n<script type=\"application\/ld+json\" class=\"yoast-schema-graph\">{\"@context\":\"https:\/\/schema.org\",\"@graph\":[{\"@type\":\"WebPage\",\"@id\":\"https:\/\/www.drevolevice.sk\/?page_id=59\",\"url\":\"https:\/\/www.drevolevice.sk\/?page_id=59\",\"name\":\"O n\u00e1s - Drevo Levice\",\"isPartOf\":{\"@id\":\"https:\/\/www.drevolevice.sk\/#website\"},\"datePublished\":\"2024-12-14T18:48:00+00:00\",\"dateModified\":\"2024-12-14T20:01:39+00:00\",\"breadcrumb\":{\"@id\":\"https:\/\/www.drevolevice.sk\/?page_id=59#breadcrumb\"},\"inLanguage\":\"sk-SK\",\"potentialAction\":[{\"@type\":\"ReadAction\",\"target\":[\"https:\/\/www.drevolevice.sk\/?page_id=59\"]}]},{\"@type\":\"BreadcrumbList\",\"@id\":\"https:\/\/www.drevolevice.sk\/?page_id=59#breadcrumb\",\"itemListElement\":[{\"@type\":\"ListItem\",\"position\":1,\"name\":\"Home\",\"item\":\"https:\/\/www.drevolevice.sk\/\"},{\"@type\":\"ListItem\",\"position\":2,\"name\":\"Domov\",\"item\":\"https:\/\/www.drevolevice.sk\/\"},{\"@type\":\"ListItem\",\"position\":3,\"name\":\"O n\u00e1s\"}]},{\"@type\":\"WebSite\",\"@id\":\"https:\/\/www.drevolevice.sk\/#website\",\"url\":\"https:\/\/www.drevolevice.sk\/\",\"name\":\"Drevo Levice\",\"description\":\"Spo\u013eahliv\u00e9 dod\u00e1vky dreva\",\"publisher\":{\"@id\":\"https:\/\/www.drevolevice.sk\/#organization\"},\"potentialAction\":[{\"@type\":\"SearchAction\",\"target\":{\"@type\":\"EntryPoint\",\"urlTemplate\":\"https:\/\/www.drevolevice.sk\/?s={search_term_string}\"},\"query-input\":{\"@type\":\"PropertyValueSpecification\",\"valueRequired\":true,\"valueName\":\"search_term_string\"}}],\"inLanguage\":\"sk-SK\"},{\"@type\":\"Organization\",\"@id\":\"https:\/\/www.drevolevice.sk\/#organization\",\"name\":\"Drevo Levice\",\"url\":\"https:\/\/www.drevolevice.sk\/\",\"logo\":{\"@type\":\"ImageObject\",\"inLanguage\":\"sk-SK\",\"@id\":\"https:\/\/www.drevolevice.sk\/#\/schema\/logo\/image\/\",\"url\":\"https:\/\/www.drevolevice.sk\/wp-content\/uploads\/2024\/12\/cropped-Drevo-4.png\",\"contentUrl\":\"https:\/\/www.drevolevice.sk\/wp-content\/uploads\/2024\/12\/cropped-Drevo-4.png\",\"width\":310,\"height\":337,\"caption\":\"Drevo Levice\"},\"image\":{\"@id\":\"https:\/\/www.drevolevice.sk\/#\/schema\/logo\/image\/\"}}]}<\/script>\n<!-- \/ Yoast SEO plugin. -->","yoast_head_json":{"title":"O n\u00e1s - Drevo Levice","robots":{"index":"index","follow":"follow","max-snippet":"max-snippet:-1","max-image-preview":"max-image-preview:large","max-video-preview":"max-video-preview:-1"},"canonical":"https:\/\/www.drevolevice.sk\/?page_id=59","og_locale":"sk_SK","og_type":"article","og_title":"O n\u00e1s - Drevo Levice","og_description":"O n\u00e1s Sme mal\u00e1 rodinn\u00e1 firma, ktor\u00fa sme zalo\u017eili v roku 2016. Od tejto doby sa venujeme predaju palivov\u00e9ho dreva [&hellip;]","og_url":"https:\/\/www.drevolevice.sk\/?page_id=59","og_site_name":"Drevo Levice","article_modified_time":"2024-12-14T20:01:39+00:00","twitter_card":"summary_large_image","twitter_misc":{"Predpokladan\u00fd \u010das \u010d\u00edtania":"1 min\u00fata"},"schema":{"@context":"https:\/\/schema.org","@graph":[{"@type":"WebPage","@id":"https:\/\/www.drevolevice.sk\/?page_id=59","url":"https:\/\/www.drevolevice.sk\/?page_id=59","name":"O n\u00e1s - Drevo Levice","isPartOf":{"@id":"https:\/\/www.drevolevice.sk\/#website"},"datePublished":"2024-12-14T18:48:00+00:00","dateModified":"2024-12-14T20:01:39+00:00","breadcrumb":{"@id":"https:\/\/www.drevolevice.sk\/?page_id=59#breadcrumb"},"inLanguage":"sk-SK","potentialAction":[{"@type":"ReadAction","target":["https:\/\/www.drevolevice.sk\/?page_id=59"]}]},{"@type":"BreadcrumbList","@id":"https:\/\/www.drevolevice.sk\/?page_id=59#breadcrumb","itemListElement":[{"@type":"ListItem","position":1,"name":"Home","item":"https:\/\/www.drevolevice.sk\/"},{"@type":"ListItem","position":2,"name":"Domov","item":"https:\/\/www.drevolevice.sk\/"},{"@type":"ListItem","position":3,"name":"O n\u00e1s"}]},{"@type":"WebSite","@id":"https:\/\/www.drevolevice.sk\/#website","url":"https:\/\/www.drevolevice.sk\/","name":"Drevo Levice","description":"Spo\u013eahliv\u00e9 dod\u00e1vky dreva","publisher":{"@id":"https:\/\/www.drevolevice.sk\/#organization"},"potentialAction":[{"@type":"SearchAction","target":{"@type":"EntryPoint","urlTemplate":"https:\/\/www.drevolevice.sk\/?s={search_term_string}"},"query-input":{"@type":"PropertyValueSpecification","valueRequired":true,"valueName":"search_term_string"}}],"inLanguage":"sk-SK"},{"@type":"Organization","@id":"https:\/\/www.drevolevice.sk\/#organization","name":"Drevo Levice","url":"https:\/\/www.drevolevice.sk\/","logo":{"@type":"ImageObject","inLanguage":"sk-SK","@id":"https:\/\/www.drevolevice.sk\/#\/schema\/logo\/image\/","url":"https:\/\/www.drevolevice.sk\/wp-content\/uploads\/2024\/12\/cropped-Drevo-4.png","contentUrl":"https:\/\/www.drevolevice.sk\/wp-content\/uploads\/2024\/12\/cropped-Drevo-4.png","width":310,"height":337,"caption":"Drevo Levice"},"image":{"@id":"https:\/\/www.drevolevice.sk\/#\/schema\/logo\/image\/"}}]}},"_links":{"self":[{"href":"https:\/\/www.drevolevice.sk\/index.php?rest_route=\/wp\/v2\/pages\/59","targetHints":{"allow":["GET"]}}],"collection":[{"href":"https:\/\/www.drevolevice.sk\/index.php?rest_route=\/wp\/v2\/pages"}],"about":[{"href":"https:\/\/www.drevolevice.sk\/index.php?rest_route=\/wp\/v2\/types\/page"}],"author":[{"embeddable":true,"href":"https:\/\/www.drevolevice.sk\/index.php?rest_route=\/wp\/v2\/users\/1"}],"replies":[{"embeddable":true,"href":"https:\/\/www.drevolevice.sk\/index.php?rest_route=%2Fwp%2Fv2%2Fcomments&post=59"}],"version-history":[{"count":3,"href":"https:\/\/www.drevolevice.sk\/index.php?rest_route=\/wp\/v2\/pages\/59\/revisions"}],"predecessor-version":[{"id":83,"href":"https:\/\/www.drevolevice.sk\/index.php?rest_route=\/wp\/v2\/pages\/59\/revisions\/83"}],"up":[{"embeddable":true,"href":"https:\/\/www.drevolevice.sk\/index.php?rest_route=\/wp\/v2\/pages\/25"}],"wp:attachment":[{"href":"https:\/\/www.drevolevice.sk\/index.php?rest_route=%2Fwp%2Fv2%2Fmedia&parent=59"}],"curies":[{"name":"wp","href":"https:\/\/api.w.org\/{rel}","templated":true}]}}