{"id":25,"date":"2024-12-14T13:27:36","date_gmt":"2024-12-14T12:27:36","guid":{"rendered":"https:\/\/www.drevolevice.sk\/?page_id=25"},"modified":"2024-12-14T21:29:33","modified_gmt":"2024-12-14T20:29:33","slug":"domov","status":"publish","type":"page","link":"https:\/\/www.drevolevice.sk\/","title":{"rendered":"Domov"},"content":{"rendered":"\n<div class=\"wp-block-cover alignfull is-light\" style=\"min-height:720px;aspect-ratio:unset;\"><span aria-hidden=\"true\" class=\"wp-block-cover__background has-background-dim-100 has-background-dim has-background-gradient\" style=\"background:linear-gradient(35deg,rgb(6,0,151) 0%,rgb(130,4,255) 73%,rgb(193,15,255) 100%)\"><\/span><div class=\"wp-block-cover__inner-container is-layout-flow wp-block-cover-is-layout-flow\">\n<div class=\"inherit-container-width wp-block-group alignwide is-layout-constrained wp-block-group-is-layout-constrained\">\n<div class=\"wp-block-media-text alignwide has-media-on-the-right is-stacked-on-mobile is-vertically-aligned-center\" style=\"grid-template-columns:auto 43%\"><div class=\"wp-block-media-text__content\">\n<h1 class=\"wp-block-heading has-text-align-left has-white-color has-text-color\">Tvrd\u00e9 palivov\u00e9 drevo<\/h1>\n\n\n\n<p>Pon\u00fakame tvrd\u00e9 palivov\u00e9 drevo. M\u00f4\u017eete si vybra\u0165, \u010di chcete nap\u00edlen\u00e9 a na\u0161tiepan\u00e9, alebo metrovicu.<\/p>\n\n\n\n<div class=\"wp-block-buttons is-layout-flex wp-block-buttons-is-layout-flex\">\n<div class=\"wp-block-button\"><a class=\"wp-block-button__link wp-element-button\" href=\"https:\/\/www.drevolevice.sk\/?page_id=50\">Kontaktujte n\u00e1s<\/a><\/div>\n<\/div>\n<\/div><figure class=\"wp-block-media-text__media\"><img loading=\"lazy\" decoding=\"async\" width=\"1024\" height=\"569\" src=\"https:\/\/www.drevolevice.sk\/wp-content\/uploads\/2024\/12\/3c325eba-cd20-4c8b-868f-4de6a3328555-1024x569.jpg\" alt=\"\" class=\"wp-image-19 size-full\" srcset=\"https:\/\/www.drevolevice.sk\/wp-content\/uploads\/2024\/12\/3c325eba-cd20-4c8b-868f-4de6a3328555-1024x569.jpg 1024w, https:\/\/www.drevolevice.sk\/wp-content\/uploads\/2024\/12\/3c325eba-cd20-4c8b-868f-4de6a3328555-300x167.jpg 300w, https:\/\/www.drevolevice.sk\/wp-content\/uploads\/2024\/12\/3c325eba-cd20-4c8b-868f-4de6a3328555-768x427.jpg 768w, https:\/\/www.drevolevice.sk\/wp-content\/uploads\/2024\/12\/3c325eba-cd20-4c8b-868f-4de6a3328555-1536x853.jpg 1536w, https:\/\/www.drevolevice.sk\/wp-content\/uploads\/2024\/12\/3c325eba-cd20-4c8b-868f-4de6a3328555.jpg 1919w\" sizes=\"auto, (max-width: 1024px) 100vw, 1024px\" \/><\/figure><\/div>\n<\/div>\n<\/div><\/div>\n\n\n\n<div class=\"wp-block-group alignfull has-ast-global-color-5-background-color has-background is-layout-constrained wp-container-core-group-is-layout-2 wp-block-group-is-layout-constrained\" style=\"padding-bottom:0px\">\n<div class=\"wp-block-columns are-vertically-aligned-top is-layout-flex wp-container-core-columns-is-layout-1 wp-block-columns-is-layout-flex\">\n<div class=\"wp-block-column is-vertically-aligned-top is-layout-flow wp-container-core-column-is-layout-1 wp-block-column-is-layout-flow\">\n<figure class=\"wp-block-image size-large\"><img loading=\"lazy\" decoding=\"async\" width=\"1024\" height=\"569\" src=\"https:\/\/www.drevolevice.sk\/wp-content\/uploads\/2024\/12\/3c325eba-cd20-4c8b-868f-4de6a3328555-1024x569.jpg\" alt=\"\" class=\"wp-image-19\" srcset=\"https:\/\/www.drevolevice.sk\/wp-content\/uploads\/2024\/12\/3c325eba-cd20-4c8b-868f-4de6a3328555-1024x569.jpg 1024w, https:\/\/www.drevolevice.sk\/wp-content\/uploads\/2024\/12\/3c325eba-cd20-4c8b-868f-4de6a3328555-300x167.jpg 300w, https:\/\/www.drevolevice.sk\/wp-content\/uploads\/2024\/12\/3c325eba-cd20-4c8b-868f-4de6a3328555-768x427.jpg 768w, https:\/\/www.drevolevice.sk\/wp-content\/uploads\/2024\/12\/3c325eba-cd20-4c8b-868f-4de6a3328555-1536x853.jpg 1536w, https:\/\/www.drevolevice.sk\/wp-content\/uploads\/2024\/12\/3c325eba-cd20-4c8b-868f-4de6a3328555.jpg 1919w\" sizes=\"auto, (max-width: 1024px) 100vw, 1024px\" \/><\/figure>\n\n\n\n<h3 class=\"wp-block-heading has-text-align-left\" style=\"margin-top:16px\">Tvrd\u00e9 drevo<\/h3>\n\n\n\n<p class=\"has-text-align-left\">Na\u0161a firma pon\u00faka len tvrd\u00e9 drevo<\/p>\n<\/div>\n\n\n\n<div class=\"wp-block-column is-vertically-aligned-top is-layout-flow wp-container-core-column-is-layout-2 wp-block-column-is-layout-flow\">\n<figure class=\"wp-block-image size-full\"><img loading=\"lazy\" decoding=\"async\" width=\"276\" height=\"183\" src=\"https:\/\/www.drevolevice.sk\/wp-content\/uploads\/2024\/12\/Drevo-pitko.jpg\" alt=\"\" class=\"wp-image-16\"\/><\/figure>\n\n\n\n<h3 class=\"wp-block-heading has-text-align-left\" style=\"margin-top:16px\">R\u00f4zne rozmery<\/h3>\n\n\n\n<p class=\"has-text-align-left\">Vieme v\u00e1m nap\u00edli\u0165 r\u00f4zne rozmery kl\u00e1tikov. Od 25 cm do 40 cm, alebo pod\u013ea dohody<\/p>\n<\/div>\n\n\n\n<div class=\"wp-block-column is-vertically-aligned-top is-layout-flow wp-container-core-column-is-layout-3 wp-block-column-is-layout-flow\">\n<figure class=\"wp-block-image size-large\"><img loading=\"lazy\" decoding=\"async\" width=\"1024\" height=\"768\" src=\"https:\/\/www.drevolevice.sk\/wp-content\/uploads\/2024\/12\/343586393_123839227352159_478330681469866408_n-1024x768.jpg\" alt=\"\" class=\"wp-image-17\" srcset=\"https:\/\/www.drevolevice.sk\/wp-content\/uploads\/2024\/12\/343586393_123839227352159_478330681469866408_n-1024x768.jpg 1024w, https:\/\/www.drevolevice.sk\/wp-content\/uploads\/2024\/12\/343586393_123839227352159_478330681469866408_n-300x225.jpg 300w, https:\/\/www.drevolevice.sk\/wp-content\/uploads\/2024\/12\/343586393_123839227352159_478330681469866408_n-768x576.jpg 768w, https:\/\/www.drevolevice.sk\/wp-content\/uploads\/2024\/12\/343586393_123839227352159_478330681469866408_n-1536x1152.jpg 1536w, https:\/\/www.drevolevice.sk\/wp-content\/uploads\/2024\/12\/343586393_123839227352159_478330681469866408_n.jpg 2048w\" sizes=\"auto, (max-width: 1024px) 100vw, 1024px\" \/><\/figure>\n\n\n\n<h3 class=\"wp-block-heading has-text-align-left\" style=\"margin-top:16px\">Metrovica<\/h3>\n\n\n\n<p class=\"has-text-align-left\">M\u00f4\u017eete si objedna\u0165 aj metrovicu<\/p>\n<\/div>\n\n\n\n<div class=\"wp-block-column is-vertically-aligned-top is-layout-flow wp-container-core-column-is-layout-4 wp-block-column-is-layout-flow\">\n<figure class=\"wp-block-image size-large\"><img loading=\"lazy\" decoding=\"async\" width=\"1024\" height=\"721\" src=\"https:\/\/www.drevolevice.sk\/wp-content\/uploads\/2024\/12\/truck-driver-clipart-xl-1024x721.png\" alt=\"\" class=\"wp-image-47\" srcset=\"https:\/\/www.drevolevice.sk\/wp-content\/uploads\/2024\/12\/truck-driver-clipart-xl-1024x721.png 1024w, https:\/\/www.drevolevice.sk\/wp-content\/uploads\/2024\/12\/truck-driver-clipart-xl-300x211.png 300w, https:\/\/www.drevolevice.sk\/wp-content\/uploads\/2024\/12\/truck-driver-clipart-xl-768x541.png 768w, https:\/\/www.drevolevice.sk\/wp-content\/uploads\/2024\/12\/truck-driver-clipart-xl-1536x1082.png 1536w, https:\/\/www.drevolevice.sk\/wp-content\/uploads\/2024\/12\/truck-driver-clipart-xl.png 1920w\" sizes=\"auto, (max-width: 1024px) 100vw, 1024px\" \/><\/figure>\n\n\n\n<h3 class=\"wp-block-heading has-text-align-left\" style=\"margin-top:16px\">Doprava<\/h3>\n\n\n\n<p class=\"has-text-align-left\">Po dohode v\u00e1m drevo privezieme. Pon\u00fakame aj dopravu in\u00fdch materi\u00e1lov<\/p>\n<\/div>\n\n\n\n<div class=\"wp-block-column is-vertically-aligned-top is-layout-flow wp-container-core-column-is-layout-5 wp-block-column-is-layout-flow\">\n<figure class=\"wp-block-image size-large\"><img loading=\"lazy\" decoding=\"async\" width=\"1024\" height=\"768\" src=\"https:\/\/www.drevolevice.sk\/wp-content\/uploads\/2024\/12\/bager-1024x768.jpg\" alt=\"\" class=\"wp-image-89\" srcset=\"https:\/\/www.drevolevice.sk\/wp-content\/uploads\/2024\/12\/bager-1024x768.jpg 1024w, https:\/\/www.drevolevice.sk\/wp-content\/uploads\/2024\/12\/bager-300x225.jpg 300w, https:\/\/www.drevolevice.sk\/wp-content\/uploads\/2024\/12\/bager-768x576.jpg 768w, https:\/\/www.drevolevice.sk\/wp-content\/uploads\/2024\/12\/bager-1536x1152.jpg 1536w, https:\/\/www.drevolevice.sk\/wp-content\/uploads\/2024\/12\/bager.jpg 2048w\" sizes=\"auto, (max-width: 1024px) 100vw, 1024px\" \/><\/figure>\n\n\n\n<h3 class=\"wp-block-heading has-text-align-left\" style=\"margin-top:16px\">V\u00fdkopov\u00e9 pr\u00e1ce<\/h3>\n\n\n\n<p class=\"has-text-align-left\">Ak potrebujete vykopa\u0165 z\u00e1klady, alebo jamu na baz\u00e9n, pom\u00f4\u017eeme v\u00e1m aj s t\u00fdm<\/p>\n<\/div>\n<\/div>\n<\/div>\n\n\n\n<div class=\"wp-block-group alignfull has-background is-layout-constrained wp-container-core-group-is-layout-3 wp-block-group-is-layout-constrained\" id=\"contact\" style=\"background:linear-gradient(35deg,rgb(6,0,151) 0%,rgb(130,4,255) 64%,rgb(193,15,255) 98%);padding-top:104px;padding-bottom:104px\">\n<h2 class=\"wp-block-heading has-text-align-center has-text-color\" style=\"color:#ffffff\">Objednajte si drevo e\u0161te dnes!<\/h2>\n\n\n\n<div class=\"wp-block-buttons alignwide is-horizontal is-content-justification-center is-layout-flex wp-container-core-buttons-is-layout-2 wp-block-buttons-is-layout-flex\" style=\"margin-top:50px\">\n<div class=\"wp-block-button\"><a class=\"wp-block-button__link wp-element-button\" href=\"https:\/\/www.drevolevice.sk\/?page_id=50\">Kontaktujte n\u00e1s<\/a><\/div>\n<\/div>\n<\/div>\n\n\n\n<div class=\"wp-block-group alignfull has-ast-global-color-5-background-color has-background is-layout-constrained wp-container-core-group-is-layout-4 wp-block-group-is-layout-constrained\" id=\"about\" style=\"padding-top:143px;padding-bottom:144px\"><\/div>\n","protected":false},"excerpt":{"rendered":"<p>Tvrd\u00e9 drevo Na\u0161a firma pon\u00faka len tvrd\u00e9 drevo R\u00f4zne rozmery Vieme v\u00e1m nap\u00edli\u0165 r\u00f4zne rozmery kl\u00e1tikov. Od 25 cm do [&hellip;]<\/p>\n","protected":false},"author":1,"featured_media":0,"parent":0,"menu_order":0,"comment_status":"closed","ping_status":"closed","template":"","meta":{"_monsterinsights_skip_tracking":false,"_monsterinsights_sitenote_active":false,"_monsterinsights_sitenote_note":"","_monsterinsights_sitenote_category":0,"site-sidebar-layout":"no-sidebar","site-content-layout":"plain-container","ast-site-content-layout":"","site-content-style":"default","site-sidebar-style":"default","ast-global-header-display":"","ast-banner-title-visibility":"","ast-main-header-display":"","ast-hfb-above-header-display":"","ast-hfb-below-header-display":"","ast-hfb-mobile-header-display":"","site-post-title":"disabled","ast-breadcrumbs-content":"","ast-featured-img":"","footer-sml-layout":"","theme-transparent-header-meta":"enabled","adv-header-id-meta":"","stick-header-meta":"","header-above-stick-meta":"","header-main-stick-meta":"","header-below-stick-meta":"","astra-migrate-meta-layouts":"default","ast-page-background-enabled":"default","ast-page-background-meta":{"desktop":{"background-color":"var(--ast-global-color-4)","background-image":"","background-repeat":"repeat","background-position":"center center","background-size":"auto","background-attachment":"scroll","background-type":"","background-media":"","overlay-type":"","overlay-color":"","overlay-opacity":"","overlay-gradient":""},"tablet":{"background-color":"","background-image":"","background-repeat":"repeat","background-position":"center center","background-size":"auto","background-attachment":"scroll","background-type":"","background-media":"","overlay-type":"","overlay-color":"","overlay-opacity":"","overlay-gradient":""},"mobile":{"background-color":"","background-image":"","background-repeat":"repeat","background-position":"center center","background-size":"auto","background-attachment":"scroll","background-type":"","background-media":"","overlay-type":"","overlay-color":"","overlay-opacity":"","overlay-gradient":""}},"ast-content-background-meta":{"desktop":{"background-color":"var(--ast-global-color-5)","background-image":"","background-repeat":"repeat","background-position":"center center","background-size":"auto","background-attachment":"scroll","background-type":"","background-media":"","overlay-type":"","overlay-color":"","overlay-opacity":"","overlay-gradient":""},"tablet":{"background-color":"var(--ast-global-color-5)","background-image":"","background-repeat":"repeat","background-position":"center center","background-size":"auto","background-attachment":"scroll","background-type":"","background-media":"","overlay-type":"","overlay-color":"","overlay-opacity":"","overlay-gradient":""},"mobile":{"background-color":"var(--ast-global-color-5)","background-image":"","background-repeat":"repeat","background-position":"center center","background-size":"auto","background-attachment":"scroll","background-type":"","background-media":"","overlay-type":"","overlay-color":"","overlay-opacity":"","overlay-gradient":""}},"footnotes":""},"class_list":["post-25","page","type-page","status-publish","hentry"],"yoast_head":"<!-- This site is optimized with the Yoast SEO plugin v24.0 - https:\/\/yoast.com\/wordpress\/plugins\/seo\/ -->\n<title>Domov - Drevo Levice<\/title>\n<meta name=\"robots\" content=\"index, follow, max-snippet:-1, max-image-preview:large, max-video-preview:-1\" \/>\n<link rel=\"canonical\" href=\"https:\/\/www.drevolevice.sk\/\" \/>\n<meta property=\"og:locale\" content=\"sk_SK\" \/>\n<meta property=\"og:type\" content=\"article\" \/>\n<meta property=\"og:title\" content=\"Domov - Drevo Levice\" \/>\n<meta property=\"og:description\" content=\"Tvrd\u00e9 drevo Na\u0161a firma pon\u00faka len tvrd\u00e9 drevo R\u00f4zne rozmery Vieme v\u00e1m nap\u00edli\u0165 r\u00f4zne rozmery kl\u00e1tikov. Od 25 cm do [&hellip;]\" \/>\n<meta property=\"og:url\" content=\"https:\/\/www.drevolevice.sk\/\" \/>\n<meta property=\"og:site_name\" content=\"Drevo Levice\" \/>\n<meta property=\"article:modified_time\" content=\"2024-12-14T20:29:33+00:00\" \/>\n<meta property=\"og:image\" content=\"https:\/\/www.drevolevice.sk\/wp-content\/uploads\/2024\/12\/3c325eba-cd20-4c8b-868f-4de6a3328555.jpg\" \/>\n\t<meta property=\"og:image:width\" content=\"1919\" \/>\n\t<meta property=\"og:image:height\" content=\"1066\" \/>\n\t<meta property=\"og:image:type\" content=\"image\/jpeg\" \/>\n<meta name=\"twitter:card\" content=\"summary_large_image\" \/>\n<meta name=\"twitter:label1\" content=\"Predpokladan\u00fd \u010das \u010d\u00edtania\" \/>\n\t<meta name=\"twitter:data1\" content=\"2 min\u00faty\" \/>\n<script type=\"application\/ld+json\" class=\"yoast-schema-graph\">{\"@context\":\"https:\/\/schema.org\",\"@graph\":[{\"@type\":\"WebPage\",\"@id\":\"https:\/\/www.drevolevice.sk\/\",\"url\":\"https:\/\/www.drevolevice.sk\/\",\"name\":\"Domov - Drevo Levice\",\"isPartOf\":{\"@id\":\"https:\/\/www.drevolevice.sk\/#website\"},\"primaryImageOfPage\":{\"@id\":\"https:\/\/www.drevolevice.sk\/#primaryimage\"},\"image\":{\"@id\":\"https:\/\/www.drevolevice.sk\/#primaryimage\"},\"thumbnailUrl\":\"https:\/\/www.drevolevice.sk\/wp-content\/uploads\/2024\/12\/3c325eba-cd20-4c8b-868f-4de6a3328555-1024x569.jpg\",\"datePublished\":\"2024-12-14T12:27:36+00:00\",\"dateModified\":\"2024-12-14T20:29:33+00:00\",\"breadcrumb\":{\"@id\":\"https:\/\/www.drevolevice.sk\/#breadcrumb\"},\"inLanguage\":\"sk-SK\",\"potentialAction\":[{\"@type\":\"ReadAction\",\"target\":[\"https:\/\/www.drevolevice.sk\/\"]}]},{\"@type\":\"ImageObject\",\"inLanguage\":\"sk-SK\",\"@id\":\"https:\/\/www.drevolevice.sk\/#primaryimage\",\"url\":\"https:\/\/www.drevolevice.sk\/wp-content\/uploads\/2024\/12\/3c325eba-cd20-4c8b-868f-4de6a3328555.jpg\",\"contentUrl\":\"https:\/\/www.drevolevice.sk\/wp-content\/uploads\/2024\/12\/3c325eba-cd20-4c8b-868f-4de6a3328555.jpg\",\"width\":1919,\"height\":1066},{\"@type\":\"BreadcrumbList\",\"@id\":\"https:\/\/www.drevolevice.sk\/#breadcrumb\",\"itemListElement\":[{\"@type\":\"ListItem\",\"position\":1,\"name\":\"Home\",\"item\":\"https:\/\/www.drevolevice.sk\/\"},{\"@type\":\"ListItem\",\"position\":2,\"name\":\"Domov\"}]},{\"@type\":\"WebSite\",\"@id\":\"https:\/\/www.drevolevice.sk\/#website\",\"url\":\"https:\/\/www.drevolevice.sk\/\",\"name\":\"Drevo Levice\",\"description\":\"Spo\u013eahliv\u00e9 dod\u00e1vky dreva\",\"publisher\":{\"@id\":\"https:\/\/www.drevolevice.sk\/#organization\"},\"potentialAction\":[{\"@type\":\"SearchAction\",\"target\":{\"@type\":\"EntryPoint\",\"urlTemplate\":\"https:\/\/www.drevolevice.sk\/?s={search_term_string}\"},\"query-input\":{\"@type\":\"PropertyValueSpecification\",\"valueRequired\":true,\"valueName\":\"search_term_string\"}}],\"inLanguage\":\"sk-SK\"},{\"@type\":\"Organization\",\"@id\":\"https:\/\/www.drevolevice.sk\/#organization\",\"name\":\"Drevo Levice\",\"url\":\"https:\/\/www.drevolevice.sk\/\",\"logo\":{\"@type\":\"ImageObject\",\"inLanguage\":\"sk-SK\",\"@id\":\"https:\/\/www.drevolevice.sk\/#\/schema\/logo\/image\/\",\"url\":\"https:\/\/www.drevolevice.sk\/wp-content\/uploads\/2024\/12\/cropped-Drevo-4.png\",\"contentUrl\":\"https:\/\/www.drevolevice.sk\/wp-content\/uploads\/2024\/12\/cropped-Drevo-4.png\",\"width\":310,\"height\":337,\"caption\":\"Drevo Levice\"},\"image\":{\"@id\":\"https:\/\/www.drevolevice.sk\/#\/schema\/logo\/image\/\"}}]}<\/script>\n<!-- \/ Yoast SEO plugin. -->","yoast_head_json":{"title":"Domov - Drevo Levice","robots":{"index":"index","follow":"follow","max-snippet":"max-snippet:-1","max-image-preview":"max-image-preview:large","max-video-preview":"max-video-preview:-1"},"canonical":"https:\/\/www.drevolevice.sk\/","og_locale":"sk_SK","og_type":"article","og_title":"Domov - Drevo Levice","og_description":"Tvrd\u00e9 drevo Na\u0161a firma pon\u00faka len tvrd\u00e9 drevo R\u00f4zne rozmery Vieme v\u00e1m nap\u00edli\u0165 r\u00f4zne rozmery kl\u00e1tikov. Od 25 cm do [&hellip;]","og_url":"https:\/\/www.drevolevice.sk\/","og_site_name":"Drevo Levice","article_modified_time":"2024-12-14T20:29:33+00:00","og_image":[{"width":1919,"height":1066,"url":"https:\/\/www.drevolevice.sk\/wp-content\/uploads\/2024\/12\/3c325eba-cd20-4c8b-868f-4de6a3328555.jpg","type":"image\/jpeg"}],"twitter_card":"summary_large_image","twitter_misc":{"Predpokladan\u00fd \u010das \u010d\u00edtania":"2 min\u00faty"},"schema":{"@context":"https:\/\/schema.org","@graph":[{"@type":"WebPage","@id":"https:\/\/www.drevolevice.sk\/","url":"https:\/\/www.drevolevice.sk\/","name":"Domov - Drevo Levice","isPartOf":{"@id":"https:\/\/www.drevolevice.sk\/#website"},"primaryImageOfPage":{"@id":"https:\/\/www.drevolevice.sk\/#primaryimage"},"image":{"@id":"https:\/\/www.drevolevice.sk\/#primaryimage"},"thumbnailUrl":"https:\/\/www.drevolevice.sk\/wp-content\/uploads\/2024\/12\/3c325eba-cd20-4c8b-868f-4de6a3328555-1024x569.jpg","datePublished":"2024-12-14T12:27:36+00:00","dateModified":"2024-12-14T20:29:33+00:00","breadcrumb":{"@id":"https:\/\/www.drevolevice.sk\/#breadcrumb"},"inLanguage":"sk-SK","potentialAction":[{"@type":"ReadAction","target":["https:\/\/www.drevolevice.sk\/"]}]},{"@type":"ImageObject","inLanguage":"sk-SK","@id":"https:\/\/www.drevolevice.sk\/#primaryimage","url":"https:\/\/www.drevolevice.sk\/wp-content\/uploads\/2024\/12\/3c325eba-cd20-4c8b-868f-4de6a3328555.jpg","contentUrl":"https:\/\/www.drevolevice.sk\/wp-content\/uploads\/2024\/12\/3c325eba-cd20-4c8b-868f-4de6a3328555.jpg","width":1919,"height":1066},{"@type":"BreadcrumbList","@id":"https:\/\/www.drevolevice.sk\/#breadcrumb","itemListElement":[{"@type":"ListItem","position":1,"name":"Home","item":"https:\/\/www.drevolevice.sk\/"},{"@type":"ListItem","position":2,"name":"Domov"}]},{"@type":"WebSite","@id":"https:\/\/www.drevolevice.sk\/#website","url":"https:\/\/www.drevolevice.sk\/","name":"Drevo Levice","description":"Spo\u013eahliv\u00e9 dod\u00e1vky dreva","publisher":{"@id":"https:\/\/www.drevolevice.sk\/#organization"},"potentialAction":[{"@type":"SearchAction","target":{"@type":"EntryPoint","urlTemplate":"https:\/\/www.drevolevice.sk\/?s={search_term_string}"},"query-input":{"@type":"PropertyValueSpecification","valueRequired":true,"valueName":"search_term_string"}}],"inLanguage":"sk-SK"},{"@type":"Organization","@id":"https:\/\/www.drevolevice.sk\/#organization","name":"Drevo Levice","url":"https:\/\/www.drevolevice.sk\/","logo":{"@type":"ImageObject","inLanguage":"sk-SK","@id":"https:\/\/www.drevolevice.sk\/#\/schema\/logo\/image\/","url":"https:\/\/www.drevolevice.sk\/wp-content\/uploads\/2024\/12\/cropped-Drevo-4.png","contentUrl":"https:\/\/www.drevolevice.sk\/wp-content\/uploads\/2024\/12\/cropped-Drevo-4.png","width":310,"height":337,"caption":"Drevo Levice"},"image":{"@id":"https:\/\/www.drevolevice.sk\/#\/schema\/logo\/image\/"}}]}},"_links":{"self":[{"href":"https:\/\/www.drevolevice.sk\/index.php?rest_route=\/wp\/v2\/pages\/25","targetHints":{"allow":["GET"]}}],"collection":[{"href":"https:\/\/www.drevolevice.sk\/index.php?rest_route=\/wp\/v2\/pages"}],"about":[{"href":"https:\/\/www.drevolevice.sk\/index.php?rest_route=\/wp\/v2\/types\/page"}],"author":[{"embeddable":true,"href":"https:\/\/www.drevolevice.sk\/index.php?rest_route=\/wp\/v2\/users\/1"}],"replies":[{"embeddable":true,"href":"https:\/\/www.drevolevice.sk\/index.php?rest_route=%2Fwp%2Fv2%2Fcomments&post=25"}],"version-history":[{"count":6,"href":"https:\/\/www.drevolevice.sk\/index.php?rest_route=\/wp\/v2\/pages\/25\/revisions"}],"predecessor-version":[{"id":92,"href":"https:\/\/www.drevolevice.sk\/index.php?rest_route=\/wp\/v2\/pages\/25\/revisions\/92"}],"wp:attachment":[{"href":"https:\/\/www.drevolevice.sk\/index.php?rest_route=%2Fwp%2Fv2%2Fmedia&parent=25"}],"curies":[{"name":"wp","href":"https:\/\/api.w.org\/{rel}","templated":true}]}}